{"id":1342,"date":"2024-02-04T18:10:18","date_gmt":"2024-02-04T17:10:18","guid":{"rendered":"https:\/\/troupova.com\/?page_id=1342"},"modified":"2026-02-05T23:31:31","modified_gmt":"2026-02-05T22:31:31","slug":"zivotopis-kratsi-verze","status":"publish","type":"page","link":"https:\/\/troupova.com\/en\/zivotopis-kratsi-verze\/","title":{"rendered":"Biography \u2013 short version"},"content":{"rendered":"\n<h3 class=\"wp-block-heading\"><b>Irena Troupov\u00e1<\/b><\/h3>\n\n\n\n<p>The eminent Czech soprano Irena Troupov\u00e1 gained international renown through the historically-informed interpretation of early music. Since the 1990s, when she lived in Berlin, she has performed on stages throughout the whole of Europe, collaborating with the likes of Thomas Hengelbrock, Howard Arman, Joshua Rifkin, the ensemble Orpheon, etc.; in the Czech Republic also with Jaroslav T\u016fma, Barbara Willi, Petra Mat\u011bjov\u00e1, Monika Knoblochov\u00e1, Ensemble Tourbillon, Musica Florea, and many others. She gradually extended her scope to include Romantic and Modern vocal and operatic works. She has performed in concert series of the Prague Symphony Orchestra, the Czech Philharmonic, the Prague Philharmonia, the philharmonic orchestras from Pilsen and Hradec Kr\u00e1lov\u00e9, and has been a frequent participant of festivals such as Prague Spring, Jan\u00e1\u010dek May. She took part in the internationally acclaimed recording of Bohuslav Martin\u016f\u2019s opera Le jour de bont\u00e9 (The Day of Charity) for Arco Diva. The same label released her interpretation of the complete songs of Viktor Ullmann (Schwer ist\u2019s, das Sch\u00f6ne zu lassen). In 2016 she recorded a newly discovered composition by W. A. Mozart for Czech Radio. She collaborates with modern music ensembles (Pavel \u0160najdr\u2019s Brno Contemporary Orchestra, BERG Orchestra, Prague Modern, Konvergence, etc.) and contemporary composer \u2013 Marek Kopelent, Jan Du\u0161ek, Peter Koeszeghy, Milo\u0161 \u0160t\u011bdro\u0148, Ji\u0159\u00ed Kade\u0159\u00e1bek, Roman Z. Nov\u00e1k, Ji\u0159\u00ed Teml, and others. She is also interested in the music of interwar authors (Schulhoff, von Hannenheim, Herschkowitz, etc.).<\/p>\n\n\n\n<p>Besides her concert and opera activities, Irena Troupov\u00e1 teaches at the Jan\u00e1\u010dek Academy of Music and Performing Arts in Brno and leads international singing courses.<\/p>\n\n\n\n<p><a href=\"https:\/\/troupova.com\/app\/uploads\/2019\/12\/CV-Irena-Troupova-2019.docx\" target=\"_blank\" rel=\"noreferrer noopener\"><strong>Download (CZ)<\/strong><\/a><\/p>\n","protected":false},"excerpt":{"rendered":"<p>Irena Troupov\u00e1 The eminent Czech soprano Irena Troupov\u00e1 gained international renown through the historically-informed interpretation of early music. Since the 1990s, when she lived in Berlin, she has performed on stages throughout the whole of Europe, collaborating with the likes of Thomas Hengelbrock, Howard Arman, Joshua Rifkin, the ensemble Orpheon, etc.; in the Czech Republic &hellip; <a href=\"https:\/\/troupova.com\/en\/zivotopis-kratsi-verze\/\">Continued<\/a><\/p>\n","protected":false},"author":4,"featured_media":0,"parent":0,"menu_order":0,"comment_status":"closed","ping_status":"closed","template":"","meta":{"_locale":"en_US","_original_post":"https:\/\/troupova.com\/?page_id=350","footnotes":""},"class_list":["post-1342","page","type-page","status-publish","hentry","en-US"],"_links":{"self":[{"href":"https:\/\/troupova.com\/wp-json\/wp\/v2\/pages\/1342","targetHints":{"allow":["GET"]}}],"collection":[{"href":"https:\/\/troupova.com\/wp-json\/wp\/v2\/pages"}],"about":[{"href":"https:\/\/troupova.com\/wp-json\/wp\/v2\/types\/page"}],"author":[{"embeddable":true,"href":"https:\/\/troupova.com\/wp-json\/wp\/v2\/users\/4"}],"replies":[{"embeddable":true,"href":"https:\/\/troupova.com\/wp-json\/wp\/v2\/comments?post=1342"}],"version-history":[{"count":2,"href":"https:\/\/troupova.com\/wp-json\/wp\/v2\/pages\/1342\/revisions"}],"predecessor-version":[{"id":2248,"href":"https:\/\/troupova.com\/wp-json\/wp\/v2\/pages\/1342\/revisions\/2248"}],"wp:attachment":[{"href":"https:\/\/troupova.com\/wp-json\/wp\/v2\/media?parent=1342"}],"curies":[{"name":"wp","href":"https:\/\/api.w.org\/{rel}","templated":true}]}}