{"id":1334,"date":"2024-02-04T17:58:07","date_gmt":"2024-02-04T16:58:07","guid":{"rendered":"https:\/\/troupova.com\/?page_id=1334"},"modified":"2026-02-18T01:25:45","modified_gmt":"2026-02-18T00:25:45","slug":"kontakty","status":"publish","type":"page","link":"https:\/\/troupova.com\/en\/kontakty\/","title":{"rendered":"Contact"},"content":{"rendered":"\n<p><strong>E-Mail:<\/strong> irena[at]troupova.com<\/p>\n\n\n\n<p>Irena Troupov\u00e1<br>c\/o Jan Si\u0159\u00ednek<br>Na Vl\u010dovce 2573\/2C<br>160 00 Praha<\/p>\n\n\n\n<p><strong>DI\u010c:<\/strong> CZ6755121483<\/p>\n","protected":false},"excerpt":{"rendered":"<p>E-Mail: irena[at]troupova.com Irena Troupov\u00e1c\/o Jan Si\u0159\u00ednekNa Vl\u010dovce 2573\/2C160 00 Praha DI\u010c: CZ6755121483<\/p>\n","protected":false},"author":4,"featured_media":0,"parent":0,"menu_order":0,"comment_status":"closed","ping_status":"closed","template":"","meta":{"_locale":"en_US","_original_post":"https:\/\/troupova.com\/?page_id=198","footnotes":""},"class_list":["post-1334","page","type-page","status-publish","hentry","en-US"],"_links":{"self":[{"href":"https:\/\/troupova.com\/wp-json\/wp\/v2\/pages\/1334","targetHints":{"allow":["GET"]}}],"collection":[{"href":"https:\/\/troupova.com\/wp-json\/wp\/v2\/pages"}],"about":[{"href":"https:\/\/troupova.com\/wp-json\/wp\/v2\/types\/page"}],"author":[{"embeddable":true,"href":"https:\/\/troupova.com\/wp-json\/wp\/v2\/users\/4"}],"replies":[{"embeddable":true,"href":"https:\/\/troupova.com\/wp-json\/wp\/v2\/comments?post=1334"}],"version-history":[{"count":4,"href":"https:\/\/troupova.com\/wp-json\/wp\/v2\/pages\/1334\/revisions"}],"predecessor-version":[{"id":2268,"href":"https:\/\/troupova.com\/wp-json\/wp\/v2\/pages\/1334\/revisions\/2268"}],"wp:attachment":[{"href":"https:\/\/troupova.com\/wp-json\/wp\/v2\/media?parent=1334"}],"curies":[{"name":"wp","href":"https:\/\/api.w.org\/{rel}","templated":true}]}}