{"id":1323,"date":"2024-02-03T01:32:47","date_gmt":"2024-02-03T00:32:47","guid":{"rendered":"https:\/\/troupova.com\/?page_id=1323"},"modified":"2026-02-05T23:19:49","modified_gmt":"2026-02-05T22:19:49","slug":"biografie","status":"publish","type":"page","link":"https:\/\/troupova.com\/en\/biografie\/","title":{"rendered":"Biography"},"content":{"rendered":"\n<figure class=\"wp-block-image article-hero\"><img loading=\"lazy\" decoding=\"async\" width=\"960\" height=\"384\" src=\"https:\/\/troupova.com\/app\/uploads\/2013\/06\/IMG_8433-orez-do-biografie.jpg\" alt=\"IMG_8433-orez do biografie\" class=\"wp-image-124\" srcset=\"https:\/\/troupova.com\/app\/uploads\/2013\/06\/IMG_8433-orez-do-biografie.jpg 960w, https:\/\/troupova.com\/app\/uploads\/2013\/06\/IMG_8433-orez-do-biografie-300x120.jpg 300w, https:\/\/troupova.com\/app\/uploads\/2013\/06\/IMG_8433-orez-do-biografie-624x249.jpg 624w\" sizes=\"auto, (max-width: 960px) 100vw, 960px\" \/><\/figure>\n\n\n\n<p><strong>A short version of this biography is available <a href=\"https:\/\/troupova.com\/en\/zivotopis-kratsi-verze\/\" data-type=\"page\" data-id=\"1342\">here<\/a>.<\/strong><\/p>\n\n\n\n<p>The eminent Czech soprano Irena Troupov\u00e1 gained international renown through the historically-based interpretation of early music, which she devoted herself to already during her musicology studies at Charles University in Prague. She studied singing under Terezie Blumov\u00e1 in Prague, later under M. Corelli in Berlin. She collaborated with the ensemble Musica Antiqua Praha led by Pavel Klikar, creating a string of recordings and exceptionally successful concerts both at home and abroad. At that time she also found an interest in contemporary music and has worked with the likes of Petr Eben, Svatopluk Havelka and others. After her studies she performed mainly in Germany, but the demand for her talent also grew rapidly in other countries (England, Italy, Denmark, Sweden, France, Switzerland, Poland). She worked with many different ensembles (e.g. Orpheon Consort, Johann-Rosenm\u00fcller-Ensemble, Sch\u00fctz-Akademie, Capella Sagittariana, Dresdener Barockorchester, Lautten-Compagney, Kievskaya Kamerata) and conductors (Howard Arman, Joshua Rifkin, Frieder Bernius, Thomas Hengelbrock, Florian Heyerick, Vojt\u011bch Spurn\u00fd and others). This cooperation brought about a number of recordings. Irena Troupov\u00e1 was a regular participant in the concert programmes of the State Opera in Berlin and the Berlin Symphony Orchestra. Among the most interesting opera productions that she took part in during her German period, a mention should be made of Monteverdi\u2019s <em>Orfeo<\/em> headed by Joshua Rifkin in Basel, Freiburg and Mulhouse (the roles of <em>Musica<\/em> and <em>Proserpine<\/em>), of the modern premiere of H.I.F. Biber\u2019s opera <em>Arminius<\/em> in Salzburg (later released on CD), but also of <em>Le malade imaginaire<\/em> of M.-A. Charpentier and J.-B. Lully in Berlin.<\/p>\n\n\n\n<p>Irena Troupov\u00e1 is a frequent guest singer at international music festivals, including <em>Tage der alten Musik Herne<\/em>, <em>Pra\u017esk\u00e9 jaro<\/em> (Prague Spring), <em>Festival de musique baroque Caen<\/em>, <em>Holland-festival oudemuziek Utrecht<\/em>, <em>Bach-Festival Sumy<\/em> and <em>Concenturs Moraviae<\/em>, to name a few.<\/p>\n\n\n\n<p>The early music projects of the recent years include programmes in cooperation with the Comic Opera (Berlin), German radio NDR (Norddeutscher Rundfunk) and Belgian conductor Florian Heyerik (<em>Salto vocale<\/em> \u2013 fragments from the operas of G. Ph. Telemann), with Musica Florea (operatic projects \u2013 Ch. W. Gluck: <em>La Danza<\/em>, G. F. H\u00e4ndel: <em>Terpsicore<\/em>), Ensemble Tourbillon, Barbara M. Willi, Jaroslav T\u016fma, Monika Knoblochov\u00e1, Petra Mat\u011bjov\u00e1 and others. More recently, she has been working closely with the international ensemble <em>Orpheon<\/em>; they have toured Spain, Austria and France together and have also recorded an album, <em>Marin Marais and his friends<\/em>. She has collaborated with members of the Staatskapelle Berlin, joining in a fascinating project connecting the musicality of the Baroque with that of the Modern: <em>Musik im Dialog \u2013 Claudio Monteverdi und Luciano Berio<\/em>, a concert cycle in the State Opera in Berlin which was followed by a programme from the works of J. S. Bach, <em>Bach \u2013 reloaded<\/em>.<\/p>\n\n\n\n<p>Irena Troupov\u00e1 has gradually extended her scope to include Romantic and Modern lyrical and operatic works. She has performed songs from German and French Romanticism a number of times at the concerts of the Prague Symphony Orchestra and the Czech Philharmonic (the early songs of Gustav Mahler). She has also given voice to Jan Du\u0161ek\u2019s orchestral songs <em>Chalomet yehudi\u2019im<\/em> together with Orchestra BERG for the EBU and the songs of Milo\u0161 \u0160t\u011bdro\u0148 for Czech Radio.<\/p>\n\n\n\n<p>Lately, she has focused her attention on the music of the 20<sup>th<\/sup> and 21<sup>st<\/sup> century; she recorded Bohuslav Martin\u016f\u2019s opera <em>Le jour de bont\u00e9<\/em> (The Day of Charity) for Arco Diva. She has performed the works of Marek Kopelent (the Singspiel <em>Musica<\/em>, the cantata <em>Agnus Dei<\/em> at Prague Spring 2012) \u2013 she joined the Prague Philharmonia conducted by Jakub Hr\u016f\u0161a to render the premiere of Kopelent\u2019s <em>Pozdn\u00ed sb\u011br<\/em> (Late Harvest). She is also actively interested in the music of interwar authors \u2013 Viktor Ullmann, Erwin Schulhoff, Norbert von Hannenheim, Philip Herschkowitz \u2013 performing their works to international audiences and recording a number of their compositions for Czech Radio and Deutschlandfunk.<\/p>\n\n\n\n<p>Irena Troupov\u00e1 is also greatly valued as a tutor of early music, teaching at the Jan\u00e1\u010dek Academy of Music and Performing Arts and Masaryk University in Brno, and in courses both in the Czech Republic and abroad.<\/p>\n\n\n\n<p>Short version download <a href=\"https:\/\/www.troupova.com\/en\/zivotopis-kartsi-verze\/\">here<\/a>.<\/p>\n","protected":false},"excerpt":{"rendered":"<p>A short version of this biography is available here. The eminent Czech soprano Irena Troupov\u00e1 gained international renown through the historically-based interpretation of early music, which she devoted herself to already during her musicology studies at Charles University in Prague. She studied singing under Terezie Blumov\u00e1 in Prague, later under M. Corelli in Berlin. She &hellip; <a href=\"https:\/\/troupova.com\/en\/biografie\/\">Continued<\/a><\/p>\n","protected":false},"author":4,"featured_media":0,"parent":0,"menu_order":0,"comment_status":"closed","ping_status":"closed","template":"","meta":{"_locale":"en_US","_original_post":"https:\/\/troupova.com\/?page_id=50","footnotes":""},"class_list":["post-1323","page","type-page","status-publish","hentry","en-US"],"_links":{"self":[{"href":"https:\/\/troupova.com\/wp-json\/wp\/v2\/pages\/1323","targetHints":{"allow":["GET"]}}],"collection":[{"href":"https:\/\/troupova.com\/wp-json\/wp\/v2\/pages"}],"about":[{"href":"https:\/\/troupova.com\/wp-json\/wp\/v2\/types\/page"}],"author":[{"embeddable":true,"href":"https:\/\/troupova.com\/wp-json\/wp\/v2\/users\/4"}],"replies":[{"embeddable":true,"href":"https:\/\/troupova.com\/wp-json\/wp\/v2\/comments?post=1323"}],"version-history":[{"count":5,"href":"https:\/\/troupova.com\/wp-json\/wp\/v2\/pages\/1323\/revisions"}],"predecessor-version":[{"id":2238,"href":"https:\/\/troupova.com\/wp-json\/wp\/v2\/pages\/1323\/revisions\/2238"}],"wp:attachment":[{"href":"https:\/\/troupova.com\/wp-json\/wp\/v2\/media?parent=1323"}],"curies":[{"name":"wp","href":"https:\/\/api.w.org\/{rel}","templated":true}]}}