{"id":1340,"date":"2024-02-04T18:08:24","date_gmt":"2024-02-04T17:08:24","guid":{"rendered":"https:\/\/troupova.com\/?page_id=1340"},"modified":"2026-02-05T23:30:32","modified_gmt":"2026-02-05T22:30:32","slug":"zivotopis-kratsi-verze","status":"publish","type":"page","link":"https:\/\/troupova.com\/de\/zivotopis-kratsi-verze\/","title":{"rendered":"Lebenslauf \u2013 Kurzversion"},"content":{"rendered":"\n<h3 class=\"wp-block-heading\"><b>Irena Troupov\u00e1<\/b><\/h3>\n\n\n\n<p>Die f\u00fchrende tschechische Sopranistin Irena Troupov\u00e1 errang ihr internationales Renomm\u00e9 zun\u00e4chst im Feld der historischen Auff\u00fchrungspraxis Alter Musik. Seit den neunziger Jahren, als sie in Berlin lebte, arbeitete sie mit T. Hengelbrock, H. Arman, J. Riffkin, dem Ensemble Orpheon und weiteren, in Tschechien dann mit J. T\u016fma, B. M. Willi, M. Knoblochov\u00e1, dem Ensemble Tourbillon, Musica Florea und vielen anderen zusammen. Ihr Repertoire hat sie nach und nach um das Lied- und Opernwerk der Romantik und Moderne erweitert. Sie ist in Zyklen des FOK, der Tschechischen Filharmonie und der PKF \u2013 Prague Philharmonia, als auch wiederholt auf dem Festival Prager Fr\u00fchling aufgetreten. Weiterhin beteiligte sie sich an der international gesch\u00e4tzten Aufnahme der Martin\u016f-Oper \u201cLe jour de bont\u00e9\u201d f\u00fcr Arco Diva und arbeitet mit Ensembles f\u00fcr zeitgen\u00f6ssische Musik (BCO mit P. \u0160najdr, Orchestr BERG, Konvergence, Prague Modern u.w.) und zeitgen\u00f6ssischen Komponisten, wie M. Kopelent, J. Du\u0161ek, P. Koeszeghy, M. \u0160t\u011bdro\u0148, J. Kade\u0159\u00e1bek, R. Z. Nov\u00e1k, J. Teml u.w. zusammen. Au\u00dferdem widmet sie sich dem Verm\u00e4chtnis der Autoren der Zwischenkriegszeit (Ullmann, Schulhoff, von Hannenheim, Herschkowitsch u.w.).<\/p>\n\n\n\n<p>Irena Troupov\u00e1 lehrt an der Jan\u00e1\u010dek-Akademie f\u00fcr Musik und Darstellende Kunst Br\u00fcnn und bei internationalen Kursen.<\/p>\n\n\n\n<p><a href=\"https:\/\/troupova.com\/app\/uploads\/2019\/12\/CV-Irena-Troupova-2019.docx\" target=\"_blank\" rel=\"noreferrer noopener\"><strong>Herunterladen (CZ)<\/strong><\/a><\/p>\n","protected":false},"excerpt":{"rendered":"<p>Irena Troupov\u00e1 Die f\u00fchrende tschechische Sopranistin Irena Troupov\u00e1 errang ihr internationales Renomm\u00e9 zun\u00e4chst im Feld der historischen Auff\u00fchrungspraxis Alter Musik. Seit den neunziger Jahren, als sie in Berlin lebte, arbeitete sie mit T. Hengelbrock, H. Arman, J. Riffkin, dem Ensemble Orpheon und weiteren, in Tschechien dann mit J. T\u016fma, B. M. Willi, M. Knoblochov\u00e1, dem &hellip; <a href=\"https:\/\/troupova.com\/de\/zivotopis-kratsi-verze\/\">Continued<\/a><\/p>\n","protected":false},"author":4,"featured_media":0,"parent":0,"menu_order":0,"comment_status":"closed","ping_status":"closed","template":"","meta":{"_locale":"de_DE","_original_post":"https:\/\/troupova.com\/?page_id=350","footnotes":""},"class_list":["post-1340","page","type-page","status-publish","hentry","de-DE"],"_links":{"self":[{"href":"https:\/\/troupova.com\/wp-json\/wp\/v2\/pages\/1340","targetHints":{"allow":["GET"]}}],"collection":[{"href":"https:\/\/troupova.com\/wp-json\/wp\/v2\/pages"}],"about":[{"href":"https:\/\/troupova.com\/wp-json\/wp\/v2\/types\/page"}],"author":[{"embeddable":true,"href":"https:\/\/troupova.com\/wp-json\/wp\/v2\/users\/4"}],"replies":[{"embeddable":true,"href":"https:\/\/troupova.com\/wp-json\/wp\/v2\/comments?post=1340"}],"version-history":[{"count":4,"href":"https:\/\/troupova.com\/wp-json\/wp\/v2\/pages\/1340\/revisions"}],"predecessor-version":[{"id":2246,"href":"https:\/\/troupova.com\/wp-json\/wp\/v2\/pages\/1340\/revisions\/2246"}],"wp:attachment":[{"href":"https:\/\/troupova.com\/wp-json\/wp\/v2\/media?parent=1340"}],"curies":[{"name":"wp","href":"https:\/\/api.w.org\/{rel}","templated":true}]}}